{"id":10,"date":"2011-01-11T14:29:34","date_gmt":"2011-01-11T19:29:34","guid":{"rendered":"http:\/\/citizenstrade.org\/draft\/que-es-la-campana-ciudadana-para-el-comercio-justo\/"},"modified":"2011-07-21T13:48:06","modified_gmt":"2011-07-21T17:48:06","slug":"campana-ciudadana-comercio-justo","status":"publish","type":"page","link":"https:\/\/www.citizenstrade.org\/ctc\/en-espanol\/campana-ciudadana-comercio-justo\/","title":{"rendered":"\u00bfQue es La Campa\u00f1a Ciudadana para el Comercio Justo?"},"content":{"rendered":"<p>La Campa\u00f1a Ciudadana para el Comercio Justo (CTC por sus siglas en ingl\u00e9s) es una coalici\u00f3n estadounidense multisectoral que incluye organizaciones medio ambientales, del movimiento sindical, de defensa del consumidor, del sector campesino y del sector religioso. Nos une una creyencia compartida que el comercio y la inversi\u00f3n no deber\u00edan ser metas en si sino mecanismos para lograr metas socials como la justicia econ\u00f3mica, la conservaci\u00f3n del medio ambiente y el bienestar social. Las reglas que controlan la econom\u00eda global deber\u00edan ser basadas en las perspectivas y las necesidades del pueblo: empleo digno, sueldos justos, la protecci\u00f3n y conservaci\u00f3n del medio ambiente, la protecci\u00f3n de los derechos humanos, la alimentaci\u00f3n, la defensa del consumidor y acceso a servicios esenciales p\u00fablicos. CTC es un l\u00edder en la lucha para crear pol\u00edticas p\u00fablicas comerciales que le sirvan al pueblo en vez de a los intereses comerciales.<\/p>\n","protected":false},"excerpt":{"rendered":"<p>La Campa\u00f1a Ciudadana para el Comercio Justo (CTC por sus siglas en ingl\u00e9s) es una coalici\u00f3n estadounidense multisectoral que incluye organizaciones medio ambientales, del movimiento sindical, de defensa del consumidor, [&hellip;]<\/p>\n","protected":false},"author":1,"featured_media":0,"parent":12,"menu_order":0,"comment_status":"closed","ping_status":"closed","template":"","meta":[],"yoast_head":"<!-- This site is optimized with the Yoast SEO plugin v18.4.1 - https:\/\/yoast.com\/wordpress\/plugins\/seo\/ -->\n<title>\u00bfQue es La Campa\u00f1a Ciudadana para el Comercio Justo? - Citizens Trade Campaign<\/title>\n<meta name=\"robots\" content=\"index, follow, max-snippet:-1, max-image-preview:large, max-video-preview:-1\" \/>\n<link rel=\"canonical\" href=\"https:\/\/www.citizenstrade.org\/ctc\/en-espanol\/campana-ciudadana-comercio-justo\/\" \/>\n<meta property=\"og:locale\" content=\"en_US\" \/>\n<meta property=\"og:type\" content=\"article\" \/>\n<meta property=\"og:title\" content=\"\u00bfQue es La Campa\u00f1a Ciudadana para el Comercio Justo? - Citizens Trade Campaign\" \/>\n<meta property=\"og:description\" content=\"La Campa\u00f1a Ciudadana para el Comercio Justo (CTC por sus siglas en ingl\u00e9s) es una coalici\u00f3n estadounidense multisectoral que incluye organizaciones medio ambientales, del movimiento sindical, de defensa del consumidor, [&hellip;]\" \/>\n<meta property=\"og:url\" content=\"https:\/\/www.citizenstrade.org\/ctc\/en-espanol\/campana-ciudadana-comercio-justo\/\" \/>\n<meta property=\"og:site_name\" content=\"Citizens Trade Campaign\" \/>\n<meta property=\"article:modified_time\" content=\"2011-07-21T17:48:06+00:00\" \/>\n<meta name=\"twitter:label1\" content=\"Est. reading time\" \/>\n\t<meta name=\"twitter:data1\" content=\"1 minute\" \/>\n<script type=\"application\/ld+json\" class=\"yoast-schema-graph\">{\"@context\":\"https:\/\/schema.org\",\"@graph\":[{\"@type\":\"WebSite\",\"@id\":\"https:\/\/www.citizenstrade.org\/ctc\/#website\",\"url\":\"https:\/\/www.citizenstrade.org\/ctc\/\",\"name\":\"Citizens Trade Campaign\",\"description\":\"Working Together for Social and Environmental Justice in Trade  Policy\",\"potentialAction\":[{\"@type\":\"SearchAction\",\"target\":{\"@type\":\"EntryPoint\",\"urlTemplate\":\"https:\/\/www.citizenstrade.org\/ctc\/?s={search_term_string}\"},\"query-input\":\"required name=search_term_string\"}],\"inLanguage\":\"en-US\"},{\"@type\":\"WebPage\",\"@id\":\"https:\/\/www.citizenstrade.org\/ctc\/en-espanol\/campana-ciudadana-comercio-justo\/#webpage\",\"url\":\"https:\/\/www.citizenstrade.org\/ctc\/en-espanol\/campana-ciudadana-comercio-justo\/\",\"name\":\"\u00bfQue es La Campa\u00f1a Ciudadana para el Comercio Justo? - Citizens Trade Campaign\",\"isPartOf\":{\"@id\":\"https:\/\/www.citizenstrade.org\/ctc\/#website\"},\"datePublished\":\"2011-01-11T19:29:34+00:00\",\"dateModified\":\"2011-07-21T17:48:06+00:00\",\"breadcrumb\":{\"@id\":\"https:\/\/www.citizenstrade.org\/ctc\/en-espanol\/campana-ciudadana-comercio-justo\/#breadcrumb\"},\"inLanguage\":\"en-US\",\"potentialAction\":[{\"@type\":\"ReadAction\",\"target\":[\"https:\/\/www.citizenstrade.org\/ctc\/en-espanol\/campana-ciudadana-comercio-justo\/\"]}]},{\"@type\":\"BreadcrumbList\",\"@id\":\"https:\/\/www.citizenstrade.org\/ctc\/en-espanol\/campana-ciudadana-comercio-justo\/#breadcrumb\",\"itemListElement\":[{\"@type\":\"ListItem\",\"position\":1,\"name\":\"Home\",\"item\":\"https:\/\/www.citizenstrade.org\/ctc\/\"},{\"@type\":\"ListItem\",\"position\":2,\"name\":\"En Espa\u00f1ol\",\"item\":\"https:\/\/www.citizenstrade.org\/ctc\/en-espanol\/\"},{\"@type\":\"ListItem\",\"position\":3,\"name\":\"\u00bfQue es La Campa\u00f1a Ciudadana para el Comercio Justo?\"}]}]}<\/script>\n<!-- \/ Yoast SEO plugin. -->","yoast_head_json":{"title":"\u00bfQue es La Campa\u00f1a Ciudadana para el Comercio Justo? - Citizens Trade Campaign","robots":{"index":"index","follow":"follow","max-snippet":"max-snippet:-1","max-image-preview":"max-image-preview:large","max-video-preview":"max-video-preview:-1"},"canonical":"https:\/\/www.citizenstrade.org\/ctc\/en-espanol\/campana-ciudadana-comercio-justo\/","og_locale":"en_US","og_type":"article","og_title":"\u00bfQue es La Campa\u00f1a Ciudadana para el Comercio Justo? - Citizens Trade Campaign","og_description":"La Campa\u00f1a Ciudadana para el Comercio Justo (CTC por sus siglas en ingl\u00e9s) es una coalici\u00f3n estadounidense multisectoral que incluye organizaciones medio ambientales, del movimiento sindical, de defensa del consumidor, [&hellip;]","og_url":"https:\/\/www.citizenstrade.org\/ctc\/en-espanol\/campana-ciudadana-comercio-justo\/","og_site_name":"Citizens Trade Campaign","article_modified_time":"2011-07-21T17:48:06+00:00","twitter_misc":{"Est. reading time":"1 minute"},"schema":{"@context":"https:\/\/schema.org","@graph":[{"@type":"WebSite","@id":"https:\/\/www.citizenstrade.org\/ctc\/#website","url":"https:\/\/www.citizenstrade.org\/ctc\/","name":"Citizens Trade Campaign","description":"Working Together for Social and Environmental Justice in Trade  Policy","potentialAction":[{"@type":"SearchAction","target":{"@type":"EntryPoint","urlTemplate":"https:\/\/www.citizenstrade.org\/ctc\/?s={search_term_string}"},"query-input":"required name=search_term_string"}],"inLanguage":"en-US"},{"@type":"WebPage","@id":"https:\/\/www.citizenstrade.org\/ctc\/en-espanol\/campana-ciudadana-comercio-justo\/#webpage","url":"https:\/\/www.citizenstrade.org\/ctc\/en-espanol\/campana-ciudadana-comercio-justo\/","name":"\u00bfQue es La Campa\u00f1a Ciudadana para el Comercio Justo? - Citizens Trade Campaign","isPartOf":{"@id":"https:\/\/www.citizenstrade.org\/ctc\/#website"},"datePublished":"2011-01-11T19:29:34+00:00","dateModified":"2011-07-21T17:48:06+00:00","breadcrumb":{"@id":"https:\/\/www.citizenstrade.org\/ctc\/en-espanol\/campana-ciudadana-comercio-justo\/#breadcrumb"},"inLanguage":"en-US","potentialAction":[{"@type":"ReadAction","target":["https:\/\/www.citizenstrade.org\/ctc\/en-espanol\/campana-ciudadana-comercio-justo\/"]}]},{"@type":"BreadcrumbList","@id":"https:\/\/www.citizenstrade.org\/ctc\/en-espanol\/campana-ciudadana-comercio-justo\/#breadcrumb","itemListElement":[{"@type":"ListItem","position":1,"name":"Home","item":"https:\/\/www.citizenstrade.org\/ctc\/"},{"@type":"ListItem","position":2,"name":"En Espa\u00f1ol","item":"https:\/\/www.citizenstrade.org\/ctc\/en-espanol\/"},{"@type":"ListItem","position":3,"name":"\u00bfQue es La Campa\u00f1a Ciudadana para el Comercio Justo?"}]}]}},"_links":{"self":[{"href":"https:\/\/www.citizenstrade.org\/ctc\/wp-json\/wp\/v2\/pages\/10"}],"collection":[{"href":"https:\/\/www.citizenstrade.org\/ctc\/wp-json\/wp\/v2\/pages"}],"about":[{"href":"https:\/\/www.citizenstrade.org\/ctc\/wp-json\/wp\/v2\/types\/page"}],"author":[{"embeddable":true,"href":"https:\/\/www.citizenstrade.org\/ctc\/wp-json\/wp\/v2\/users\/1"}],"replies":[{"embeddable":true,"href":"https:\/\/www.citizenstrade.org\/ctc\/wp-json\/wp\/v2\/comments?post=10"}],"version-history":[{"count":0,"href":"https:\/\/www.citizenstrade.org\/ctc\/wp-json\/wp\/v2\/pages\/10\/revisions"}],"up":[{"embeddable":true,"href":"https:\/\/www.citizenstrade.org\/ctc\/wp-json\/wp\/v2\/pages\/12"}],"wp:attachment":[{"href":"https:\/\/www.citizenstrade.org\/ctc\/wp-json\/wp\/v2\/media?parent=10"}],"curies":[{"name":"wp","href":"https:\/\/api.w.org\/{rel}","templated":true}]}}